{"id":374,"date":"2026-02-20T12:25:16","date_gmt":"2026-02-20T12:25:16","guid":{"rendered":"https:\/\/linetlautre.fr\/?page_id=374"},"modified":"2026-02-20T12:26:45","modified_gmt":"2026-02-20T12:26:45","slug":"printables","status":"publish","type":"page","link":"https:\/\/linetlautre.fr\/?page_id=374","title":{"rendered":"Printables"},"content":{"rendered":"\n<p><\/p>\n\n\n\n<p><\/p>\n\n\n\n<h2 class=\"wp-block-heading\"><\/h2>\n\n\n\n<p class=\"has-text-align-center has-text-color has-link-color has-large-font-size wp-elements-ea3c61ad25a75d35f4be1142bd3d2c6e\" style=\"color:#ede4db\">Pimp tes fen\u00eatres ! <\/p>\n\n\n\n<div class=\"wp-block-columns is-layout-flex wp-container-core-columns-is-layout-28f84493 wp-block-columns-is-layout-flex\">\n<div class=\"wp-block-column is-layout-flow wp-block-column-is-layout-flow\">\n<figure class=\"wp-block-image size-large\"><img loading=\"lazy\" decoding=\"async\" width=\"1024\" height=\"1024\" src=\"https:\/\/linetlautre.fr\/wp-content\/uploads\/2026\/02\/IMG_7201-1024x1024.jpg\" alt=\"\" class=\"wp-image-376\" srcset=\"https:\/\/linetlautre.fr\/wp-content\/uploads\/2026\/02\/IMG_7201-1024x1024.jpg 1024w, https:\/\/linetlautre.fr\/wp-content\/uploads\/2026\/02\/IMG_7201-300x300.jpg 300w, https:\/\/linetlautre.fr\/wp-content\/uploads\/2026\/02\/IMG_7201-150x150.jpg 150w, https:\/\/linetlautre.fr\/wp-content\/uploads\/2026\/02\/IMG_7201-768x768.jpg 768w, https:\/\/linetlautre.fr\/wp-content\/uploads\/2026\/02\/IMG_7201-1536x1536.jpg 1536w, https:\/\/linetlautre.fr\/wp-content\/uploads\/2026\/02\/IMG_7201-2048x2048.jpg 2048w\" sizes=\"auto, (max-width: 1024px) 100vw, 1024px\" \/><\/figure>\n<\/div>\n\n\n\n<div class=\"wp-block-column is-layout-flow wp-block-column-is-layout-flow\">\n<figure class=\"wp-block-image size-large\"><img loading=\"lazy\" decoding=\"async\" width=\"1024\" height=\"1024\" src=\"https:\/\/linetlautre.fr\/wp-content\/uploads\/2026\/02\/IMG_7190-2-1024x1024.jpg\" alt=\"\" class=\"wp-image-377\" srcset=\"https:\/\/linetlautre.fr\/wp-content\/uploads\/2026\/02\/IMG_7190-2-1024x1024.jpg 1024w, https:\/\/linetlautre.fr\/wp-content\/uploads\/2026\/02\/IMG_7190-2-300x300.jpg 300w, https:\/\/linetlautre.fr\/wp-content\/uploads\/2026\/02\/IMG_7190-2-150x150.jpg 150w, https:\/\/linetlautre.fr\/wp-content\/uploads\/2026\/02\/IMG_7190-2-768x768.jpg 768w, https:\/\/linetlautre.fr\/wp-content\/uploads\/2026\/02\/IMG_7190-2-1536x1536.jpg 1536w, https:\/\/linetlautre.fr\/wp-content\/uploads\/2026\/02\/IMG_7190-2-2048x2048.jpg 2048w\" sizes=\"auto, (max-width: 1024px) 100vw, 1024px\" \/><\/figure>\n<\/div>\n\n\n\n<div class=\"wp-block-column is-layout-flow wp-block-column-is-layout-flow\">\n<figure class=\"wp-block-image size-large\"><img loading=\"lazy\" decoding=\"async\" width=\"1024\" height=\"1024\" src=\"https:\/\/linetlautre.fr\/wp-content\/uploads\/2026\/02\/IMG_7208-1024x1024.jpg\" alt=\"\" class=\"wp-image-378\" srcset=\"https:\/\/linetlautre.fr\/wp-content\/uploads\/2026\/02\/IMG_7208-1024x1024.jpg 1024w, https:\/\/linetlautre.fr\/wp-content\/uploads\/2026\/02\/IMG_7208-300x300.jpg 300w, https:\/\/linetlautre.fr\/wp-content\/uploads\/2026\/02\/IMG_7208-150x150.jpg 150w, https:\/\/linetlautre.fr\/wp-content\/uploads\/2026\/02\/IMG_7208-768x768.jpg 768w, https:\/\/linetlautre.fr\/wp-content\/uploads\/2026\/02\/IMG_7208.jpg 1146w\" sizes=\"auto, (max-width: 1024px) 100vw, 1024px\" \/><\/figure>\n<\/div>\n<\/div>\n\n\n\n<p class=\"has-text-color has-link-color wp-elements-2bf54ea77b3d167b998f9f59827bb619\" style=\"color:#ede4db\">Quand le mois du Ramadan s\u2019approche, il y a dans l\u2019air quelque chose de plus doux, presque imperceptible. Les journ\u00e9es semblent ralentir, les soirs s\u2019illuminer un peu plus longtemps, et les maisons deviennent des refuges de lumi\u00e8re et d\u2019intention.<\/p>\n\n\n\n<p class=\"has-text-color has-link-color wp-elements-ce30e37c77f93931e061ca415af79aee\" style=\"color:#ede4db\">Pour accompagner ce temps si particulier, je suis heureuse de vous proposer des printables gratuits \u00e0 t\u00e9l\u00e9charger pour d\u00e9corer vos fen\u00eatres aux couleurs du Ramadan. Des motifs d\u00e9licats, des lanternes, des \u00e9toiles, des croissants de lune\u2026 Autant de petites formes \u00e0 d\u00e9calquer sur vos carreaux, ou pourquoi pas colorier, d\u00e9couper, coller, suspendre, pour transformer votre int\u00e9rieur.<\/p>\n\n\n\n<p class=\"has-text-color has-link-color wp-elements-b95edfec07c9ad7eb7a373b1d0931303\" style=\"color:#ede4db\">La fen\u00eatre est un lieu symbolique. Elle relie l\u2019int\u00e9rieur et l\u2019ext\u00e9rieur. Elle laisse entrer la lumi\u00e8re du jour et refl\u00e8te, le soir venu, la chaleur du foyer. Pendant le Ramadan, elle peut devenir un espace d\u2019expression simple et joyeux, un rappel visuel de la beaut\u00e9 de ce mois b\u00e9ni. Une mani\u00e8re aussi d\u2019impliquer les enfants, de partager un moment cr\u00e9atif en famille, feutres, ciseaux \u00e0 la main et paillettes dans les yeux.<\/p>\n\n\n\n<p class=\"has-text-color has-link-color wp-elements-fb0dc1960ecf39d6ec192bf74bbb9ec2\" style=\"color:#ede4db\">Ces mod\u00e8les ont \u00e9t\u00e9 pens\u00e9s pour \u00eatre accessibles \u00e0 tous : \u00e0 imprimer facilement, \u00e0 adapter selon vos envies, \u00e0 colorier, \u00e0 personnaliser. Il ne s\u2019agit pas de perfection, mais d\u2019intention. D\u2019un moment pass\u00e9 ensemble. D\u2019un sourire en regardant la lumi\u00e8re filtrer \u00e0 travers une \u00e9toile d\u00e9coup\u00e9e avec soin.<\/p>\n\n\n\n<p class=\"has-text-color has-link-color wp-elements-8fa3ea3738b3a2db7a24d5690ce9e0b9\" style=\"color:#ede4db\">Que ces petites d\u00e9corations apportent dans votre maison une atmosph\u00e8re de paix, de recueillement et de joie. Qu\u2019elles soient le reflet, sur vos fen\u00eatres, de la lumi\u00e8re que ce mois fait grandir \u00e0 l\u2019int\u00e9rieur.<\/p>\n\n\n\n<p class=\"has-text-color has-link-color wp-elements-1ce8bfdcda528e8cb3d93f576abed53a\" style=\"color:#ede4db\">Les fichiers sont disponibles en t\u00e9l\u00e9chargement libre ci-dessous. Il ne vous reste plus qu\u2019\u00e0 imprimer\u2026 et \u00e0 laisser la magie op\u00e9rer.<\/p>\n\n\n\n<div class=\"wp-block-columns is-layout-flex wp-container-core-columns-is-layout-28f84493 wp-block-columns-is-layout-flex\">\n<div class=\"wp-block-column is-layout-flow wp-block-column-is-layout-flow\"><\/div>\n\n\n\n<div class=\"wp-block-column is-layout-flow wp-block-column-is-layout-flow\">\n<figure class=\"wp-block-image size-large\"><img loading=\"lazy\" decoding=\"async\" width=\"1024\" height=\"1024\" src=\"https:\/\/linetlautre.fr\/wp-content\/uploads\/2026\/02\/IMG_7205-1-1024x1024.jpg\" alt=\"\" class=\"wp-image-380\" srcset=\"https:\/\/linetlautre.fr\/wp-content\/uploads\/2026\/02\/IMG_7205-1-1024x1024.jpg 1024w, https:\/\/linetlautre.fr\/wp-content\/uploads\/2026\/02\/IMG_7205-1-300x300.jpg 300w, https:\/\/linetlautre.fr\/wp-content\/uploads\/2026\/02\/IMG_7205-1-150x150.jpg 150w, https:\/\/linetlautre.fr\/wp-content\/uploads\/2026\/02\/IMG_7205-1-768x768.jpg 768w, https:\/\/linetlautre.fr\/wp-content\/uploads\/2026\/02\/IMG_7205-1-1536x1536.jpg 1536w, https:\/\/linetlautre.fr\/wp-content\/uploads\/2026\/02\/IMG_7205-1-2048x2048.jpg 2048w\" sizes=\"auto, (max-width: 1024px) 100vw, 1024px\" \/><\/figure>\n<\/div>\n\n\n\n<div class=\"wp-block-column is-layout-flow wp-block-column-is-layout-flow\"><\/div>\n<\/div>\n\n\n\n<div data-wp-interactive=\"core\/file\" class=\"wp-block-file\"><object data-wp-bind--hidden=\"!state.hasPdfPreview\" hidden class=\"wp-block-file__embed\" data=\"https:\/\/linetlautre.fr\/wp-content\/uploads\/2026\/02\/Freebies-fenetres-ramadan.pdf\" type=\"application\/pdf\" style=\"width:100%;height:600px\" aria-label=\"Embed of Freebies fenetres ramadan.\"><\/object><a id=\"wp-block-file--media-5dc21059-3f4f-4bee-bc6c-07c0a02ba48e\" href=\"https:\/\/linetlautre.fr\/wp-content\/uploads\/2026\/02\/Freebies-fenetres-ramadan.pdf\">Freebies fenetres ramadan<\/a><a href=\"https:\/\/linetlautre.fr\/wp-content\/uploads\/2026\/02\/Freebies-fenetres-ramadan.pdf\" class=\"wp-block-file__button wp-element-button\" download aria-describedby=\"wp-block-file--media-5dc21059-3f4f-4bee-bc6c-07c0a02ba48e\">T\u00e9l\u00e9charger<\/a><\/div>\n","protected":false},"excerpt":{"rendered":"<p>Pimp tes fen\u00eatres ! Quand le mois du Ramadan s\u2019approche, il y a dans l\u2019air quelque chose de plus doux, [&hellip;]<\/p>\n","protected":false},"author":1,"featured_media":0,"parent":0,"menu_order":0,"comment_status":"closed","ping_status":"closed","template":"","meta":{"site-sidebar-layout":"default","site-content-layout":"","ast-site-content-layout":"default","site-content-style":"default","site-sidebar-style":"default","ast-global-header-display":"","ast-banner-title-visibility":"","ast-main-header-display":"","ast-hfb-above-header-display":"","ast-hfb-below-header-display":"","ast-hfb-mobile-header-display":"","site-post-title":"disabled","ast-breadcrumbs-content":"","ast-featured-img":"","footer-sml-layout":"","ast-disable-related-posts":"","theme-transparent-header-meta":"","adv-header-id-meta":"","stick-header-meta":"","header-above-stick-meta":"","header-main-stick-meta":"","header-below-stick-meta":"","astra-migrate-meta-layouts":"default","ast-page-background-enabled":"default","ast-page-background-meta":{"desktop":{"background-color":"var(--ast-global-color-5)","background-image":"","background-repeat":"repeat","background-position":"center center","background-size":"auto","background-attachment":"scroll","background-type":"","background-media":"","overlay-type":"","overlay-color":"","overlay-opacity":"","overlay-gradient":""},"tablet":{"background-color":"","background-image":"","background-repeat":"repeat","background-position":"center center","background-size":"auto","background-attachment":"scroll","background-type":"","background-media":"","overlay-type":"","overlay-color":"","overlay-opacity":"","overlay-gradient":""},"mobile":{"background-color":"","background-image":"","background-repeat":"repeat","background-position":"center center","background-size":"auto","background-attachment":"scroll","background-type":"","background-media":"","overlay-type":"","overlay-color":"","overlay-opacity":"","overlay-gradient":""}},"ast-content-background-meta":{"desktop":{"background-color":"var(--ast-global-color-4)","background-image":"","background-repeat":"repeat","background-position":"center center","background-size":"auto","background-attachment":"scroll","background-type":"","background-media":"","overlay-type":"","overlay-color":"","overlay-opacity":"","overlay-gradient":""},"tablet":{"background-color":"var(--ast-global-color-4)","background-image":"","background-repeat":"repeat","background-position":"center center","background-size":"auto","background-attachment":"scroll","background-type":"","background-media":"","overlay-type":"","overlay-color":"","overlay-opacity":"","overlay-gradient":""},"mobile":{"background-color":"var(--ast-global-color-4)","background-image":"","background-repeat":"repeat","background-position":"center center","background-size":"auto","background-attachment":"scroll","background-type":"","background-media":"","overlay-type":"","overlay-color":"","overlay-opacity":"","overlay-gradient":""}},"footnotes":""},"class_list":["post-374","page","type-page","status-publish","hentry"],"_links":{"self":[{"href":"https:\/\/linetlautre.fr\/index.php?rest_route=\/wp\/v2\/pages\/374","targetHints":{"allow":["GET"]}}],"collection":[{"href":"https:\/\/linetlautre.fr\/index.php?rest_route=\/wp\/v2\/pages"}],"about":[{"href":"https:\/\/linetlautre.fr\/index.php?rest_route=\/wp\/v2\/types\/page"}],"author":[{"embeddable":true,"href":"https:\/\/linetlautre.fr\/index.php?rest_route=\/wp\/v2\/users\/1"}],"replies":[{"embeddable":true,"href":"https:\/\/linetlautre.fr\/index.php?rest_route=%2Fwp%2Fv2%2Fcomments&post=374"}],"version-history":[{"count":4,"href":"https:\/\/linetlautre.fr\/index.php?rest_route=\/wp\/v2\/pages\/374\/revisions"}],"predecessor-version":[{"id":384,"href":"https:\/\/linetlautre.fr\/index.php?rest_route=\/wp\/v2\/pages\/374\/revisions\/384"}],"wp:attachment":[{"href":"https:\/\/linetlautre.fr\/index.php?rest_route=%2Fwp%2Fv2%2Fmedia&parent=374"}],"curies":[{"name":"wp","href":"https:\/\/api.w.org\/{rel}","templated":true}]}}