{"id":306,"date":"2026-02-11T17:52:26","date_gmt":"2026-02-11T17:52:26","guid":{"rendered":"http:\/\/linetlautre.fr\/?page_id=306"},"modified":"2026-02-16T09:36:42","modified_gmt":"2026-02-16T09:36:42","slug":"nos-pochons","status":"publish","type":"page","link":"https:\/\/linetlautre.fr\/?page_id=306","title":{"rendered":"Nos pochons"},"content":{"rendered":"\n<h2 class=\"wp-block-heading has-text-align-center has-text-color has-link-color wp-elements-34258726371d35f14298618b3fbc747d\" style=\"color:#ede4db\">Nos pochons et tote bags<\/h2>\n\n\n\n<h2 class=\"wp-block-heading has-text-color has-link-color has-medium-font-size wp-elements-d07c2f98c62c3d26b505a4a8306fbef5\" style=\"color:#ede4db\">La s\u00e9rie pour l&#8217;Eid<\/h2>\n\n\n\n<div class=\"wp-block-columns has-background is-layout-flex wp-container-core-columns-is-layout-28f84493 wp-block-columns-is-layout-flex\" style=\"background-color:#ede4db\">\n<div class=\"wp-block-column is-layout-flow wp-block-column-is-layout-flow\">\n<figure class=\"wp-block-image size-large\"><img loading=\"lazy\" decoding=\"async\" width=\"1024\" height=\"1024\" src=\"https:\/\/linetlautre.fr\/wp-content\/uploads\/2026\/02\/1-1-1024x1024.png\" alt=\"\" class=\"wp-image-308\" srcset=\"https:\/\/linetlautre.fr\/wp-content\/uploads\/2026\/02\/1-1-1024x1024.png 1024w, https:\/\/linetlautre.fr\/wp-content\/uploads\/2026\/02\/1-1-300x300.png 300w, https:\/\/linetlautre.fr\/wp-content\/uploads\/2026\/02\/1-1-150x150.png 150w, https:\/\/linetlautre.fr\/wp-content\/uploads\/2026\/02\/1-1-768x768.png 768w, https:\/\/linetlautre.fr\/wp-content\/uploads\/2026\/02\/1-1.png 1080w\" sizes=\"auto, (max-width: 1024px) 100vw, 1024px\" \/><\/figure>\n<\/div>\n\n\n\n<div class=\"wp-block-column is-layout-flow wp-block-column-is-layout-flow\">\n<figure class=\"wp-block-image size-large\"><img loading=\"lazy\" decoding=\"async\" width=\"1024\" height=\"1024\" src=\"https:\/\/linetlautre.fr\/wp-content\/uploads\/2026\/02\/2-1-1024x1024.png\" alt=\"\" class=\"wp-image-309\" srcset=\"https:\/\/linetlautre.fr\/wp-content\/uploads\/2026\/02\/2-1-1024x1024.png 1024w, https:\/\/linetlautre.fr\/wp-content\/uploads\/2026\/02\/2-1-300x300.png 300w, https:\/\/linetlautre.fr\/wp-content\/uploads\/2026\/02\/2-1-150x150.png 150w, https:\/\/linetlautre.fr\/wp-content\/uploads\/2026\/02\/2-1-768x768.png 768w, https:\/\/linetlautre.fr\/wp-content\/uploads\/2026\/02\/2-1.png 1080w\" sizes=\"auto, (max-width: 1024px) 100vw, 1024px\" \/><\/figure>\n<\/div>\n\n\n\n<div class=\"wp-block-column is-layout-flow wp-block-column-is-layout-flow\">\n<figure class=\"wp-block-image size-large\"><img loading=\"lazy\" decoding=\"async\" width=\"1024\" height=\"1024\" src=\"https:\/\/linetlautre.fr\/wp-content\/uploads\/2026\/02\/3-1024x1024.png\" alt=\"\" class=\"wp-image-310\" srcset=\"https:\/\/linetlautre.fr\/wp-content\/uploads\/2026\/02\/3-1024x1024.png 1024w, https:\/\/linetlautre.fr\/wp-content\/uploads\/2026\/02\/3-300x300.png 300w, https:\/\/linetlautre.fr\/wp-content\/uploads\/2026\/02\/3-150x150.png 150w, https:\/\/linetlautre.fr\/wp-content\/uploads\/2026\/02\/3-768x768.png 768w, https:\/\/linetlautre.fr\/wp-content\/uploads\/2026\/02\/3.png 1080w\" sizes=\"auto, (max-width: 1024px) 100vw, 1024px\" \/><\/figure>\n<\/div>\n<\/div>\n\n\n\n<p><\/p>\n\n\n\n<h2 class=\"wp-block-heading has-text-color has-link-color has-medium-font-size wp-elements-21cdcea785662262e015c6b97fb0730c\" style=\"color:#ede4db\">La s\u00e9rie t\u00eat bags<\/h2>\n\n\n\n<p><\/p>\n\n\n\n<div class=\"wp-block-columns has-background is-layout-flex wp-container-core-columns-is-layout-28f84493 wp-block-columns-is-layout-flex\" style=\"background-color:#ede4db\">\n<div class=\"wp-block-column is-layout-flow wp-block-column-is-layout-flow\">\n<figure class=\"wp-block-image size-large\"><img loading=\"lazy\" decoding=\"async\" width=\"1024\" height=\"1024\" src=\"https:\/\/linetlautre.fr\/wp-content\/uploads\/2026\/02\/7-1024x1024.png\" alt=\"\" class=\"wp-image-316\" srcset=\"https:\/\/linetlautre.fr\/wp-content\/uploads\/2026\/02\/7-1024x1024.png 1024w, https:\/\/linetlautre.fr\/wp-content\/uploads\/2026\/02\/7-300x300.png 300w, https:\/\/linetlautre.fr\/wp-content\/uploads\/2026\/02\/7-150x150.png 150w, https:\/\/linetlautre.fr\/wp-content\/uploads\/2026\/02\/7-768x768.png 768w, https:\/\/linetlautre.fr\/wp-content\/uploads\/2026\/02\/7.png 1080w\" sizes=\"auto, (max-width: 1024px) 100vw, 1024px\" \/><\/figure>\n<\/div>\n\n\n\n<div class=\"wp-block-column is-layout-flow wp-block-column-is-layout-flow\">\n<figure class=\"wp-block-image size-large\"><img loading=\"lazy\" decoding=\"async\" width=\"1024\" height=\"1024\" src=\"https:\/\/linetlautre.fr\/wp-content\/uploads\/2026\/02\/12-1024x1024.png\" alt=\"\" class=\"wp-image-322\" srcset=\"https:\/\/linetlautre.fr\/wp-content\/uploads\/2026\/02\/12-1024x1024.png 1024w, https:\/\/linetlautre.fr\/wp-content\/uploads\/2026\/02\/12-300x300.png 300w, https:\/\/linetlautre.fr\/wp-content\/uploads\/2026\/02\/12-150x150.png 150w, https:\/\/linetlautre.fr\/wp-content\/uploads\/2026\/02\/12-768x768.png 768w, https:\/\/linetlautre.fr\/wp-content\/uploads\/2026\/02\/12.png 1080w\" sizes=\"auto, (max-width: 1024px) 100vw, 1024px\" \/><\/figure>\n<\/div>\n\n\n\n<div class=\"wp-block-column is-layout-flow wp-block-column-is-layout-flow\">\n<figure class=\"wp-block-image size-large\"><img loading=\"lazy\" decoding=\"async\" width=\"1024\" height=\"1024\" src=\"https:\/\/linetlautre.fr\/wp-content\/uploads\/2026\/02\/8-1024x1024.png\" alt=\"\" class=\"wp-image-317\" srcset=\"https:\/\/linetlautre.fr\/wp-content\/uploads\/2026\/02\/8-1024x1024.png 1024w, https:\/\/linetlautre.fr\/wp-content\/uploads\/2026\/02\/8-300x300.png 300w, https:\/\/linetlautre.fr\/wp-content\/uploads\/2026\/02\/8-150x150.png 150w, https:\/\/linetlautre.fr\/wp-content\/uploads\/2026\/02\/8-768x768.png 768w, https:\/\/linetlautre.fr\/wp-content\/uploads\/2026\/02\/8.png 1080w\" sizes=\"auto, (max-width: 1024px) 100vw, 1024px\" \/><\/figure>\n<\/div>\n<\/div>\n\n\n\n<div class=\"wp-block-columns has-background is-layout-flex wp-container-core-columns-is-layout-28f84493 wp-block-columns-is-layout-flex\" style=\"background-color:#ede4db\">\n<div class=\"wp-block-column is-layout-flow wp-block-column-is-layout-flow\">\n<figure class=\"wp-block-image size-large\"><img loading=\"lazy\" decoding=\"async\" width=\"1024\" height=\"1024\" src=\"https:\/\/linetlautre.fr\/wp-content\/uploads\/2026\/02\/Design-sans-titre2-1024x1024.png\" alt=\"\" class=\"wp-image-314\" srcset=\"https:\/\/linetlautre.fr\/wp-content\/uploads\/2026\/02\/Design-sans-titre2-1024x1024.png 1024w, https:\/\/linetlautre.fr\/wp-content\/uploads\/2026\/02\/Design-sans-titre2-300x300.png 300w, https:\/\/linetlautre.fr\/wp-content\/uploads\/2026\/02\/Design-sans-titre2-150x150.png 150w, https:\/\/linetlautre.fr\/wp-content\/uploads\/2026\/02\/Design-sans-titre2-768x768.png 768w, https:\/\/linetlautre.fr\/wp-content\/uploads\/2026\/02\/Design-sans-titre2.png 1080w\" sizes=\"auto, (max-width: 1024px) 100vw, 1024px\" \/><\/figure>\n<\/div>\n\n\n\n<div class=\"wp-block-column is-layout-flow wp-block-column-is-layout-flow\"><\/div>\n\n\n\n<div class=\"wp-block-column is-layout-flow wp-block-column-is-layout-flow\">\n<figure class=\"wp-block-image size-large\"><img loading=\"lazy\" decoding=\"async\" width=\"1024\" height=\"1024\" src=\"https:\/\/linetlautre.fr\/wp-content\/uploads\/2026\/02\/Design-sans-titre4-1024x1024.png\" alt=\"\" class=\"wp-image-315\" srcset=\"https:\/\/linetlautre.fr\/wp-content\/uploads\/2026\/02\/Design-sans-titre4-1024x1024.png 1024w, https:\/\/linetlautre.fr\/wp-content\/uploads\/2026\/02\/Design-sans-titre4-300x300.png 300w, https:\/\/linetlautre.fr\/wp-content\/uploads\/2026\/02\/Design-sans-titre4-150x150.png 150w, https:\/\/linetlautre.fr\/wp-content\/uploads\/2026\/02\/Design-sans-titre4-768x768.png 768w, https:\/\/linetlautre.fr\/wp-content\/uploads\/2026\/02\/Design-sans-titre4.png 1080w\" sizes=\"auto, (max-width: 1024px) 100vw, 1024px\" \/><\/figure>\n<\/div>\n<\/div>\n\n\n\n<p><\/p>\n\n\n\n<h2 class=\"wp-block-heading has-text-color has-link-color has-medium-font-size wp-elements-3f2bb5e6df9091f0b2fec1ed50ed54d6\" style=\"color:#ede4db\">La s\u00e9rie No\u00ebl arabe<\/h2>\n\n\n\n<p><\/p>\n\n\n\n<div class=\"wp-block-columns has-background is-layout-flex wp-container-core-columns-is-layout-28f84493 wp-block-columns-is-layout-flex\" style=\"background-color:#ede4db\">\n<div class=\"wp-block-column is-layout-flow wp-block-column-is-layout-flow\">\n<figure class=\"wp-block-image size-large\"><img loading=\"lazy\" decoding=\"async\" width=\"1024\" height=\"1024\" src=\"https:\/\/linetlautre.fr\/wp-content\/uploads\/2026\/02\/11-1024x1024.png\" alt=\"\" class=\"wp-image-321\" srcset=\"https:\/\/linetlautre.fr\/wp-content\/uploads\/2026\/02\/11-1024x1024.png 1024w, https:\/\/linetlautre.fr\/wp-content\/uploads\/2026\/02\/11-300x300.png 300w, https:\/\/linetlautre.fr\/wp-content\/uploads\/2026\/02\/11-150x150.png 150w, https:\/\/linetlautre.fr\/wp-content\/uploads\/2026\/02\/11-768x768.png 768w, https:\/\/linetlautre.fr\/wp-content\/uploads\/2026\/02\/11.png 1080w\" sizes=\"auto, (max-width: 1024px) 100vw, 1024px\" \/><\/figure>\n<\/div>\n\n\n\n<div class=\"wp-block-column is-layout-flow wp-block-column-is-layout-flow\">\n<figure class=\"wp-block-image size-large\"><img loading=\"lazy\" decoding=\"async\" width=\"1024\" height=\"1024\" src=\"https:\/\/linetlautre.fr\/wp-content\/uploads\/2026\/02\/Design-sans-titre5-1024x1024.png\" alt=\"\" class=\"wp-image-318\" srcset=\"https:\/\/linetlautre.fr\/wp-content\/uploads\/2026\/02\/Design-sans-titre5-1024x1024.png 1024w, https:\/\/linetlautre.fr\/wp-content\/uploads\/2026\/02\/Design-sans-titre5-300x300.png 300w, https:\/\/linetlautre.fr\/wp-content\/uploads\/2026\/02\/Design-sans-titre5-150x150.png 150w, https:\/\/linetlautre.fr\/wp-content\/uploads\/2026\/02\/Design-sans-titre5-768x768.png 768w, https:\/\/linetlautre.fr\/wp-content\/uploads\/2026\/02\/Design-sans-titre5.png 1080w\" sizes=\"auto, (max-width: 1024px) 100vw, 1024px\" \/><\/figure>\n<\/div>\n\n\n\n<div class=\"wp-block-column is-layout-flow wp-block-column-is-layout-flow\">\n<figure class=\"wp-block-image size-large\"><img loading=\"lazy\" decoding=\"async\" width=\"1024\" height=\"1024\" src=\"https:\/\/linetlautre.fr\/wp-content\/uploads\/2026\/02\/10-1024x1024.png\" alt=\"\" class=\"wp-image-320\" srcset=\"https:\/\/linetlautre.fr\/wp-content\/uploads\/2026\/02\/10-1024x1024.png 1024w, https:\/\/linetlautre.fr\/wp-content\/uploads\/2026\/02\/10-300x300.png 300w, https:\/\/linetlautre.fr\/wp-content\/uploads\/2026\/02\/10-150x150.png 150w, https:\/\/linetlautre.fr\/wp-content\/uploads\/2026\/02\/10-768x768.png 768w, https:\/\/linetlautre.fr\/wp-content\/uploads\/2026\/02\/10.png 1080w\" sizes=\"auto, (max-width: 1024px) 100vw, 1024px\" \/><\/figure>\n<\/div>\n<\/div>\n\n\n\n<p><\/p>\n\n\n\n<p class=\"has-text-color has-link-color has-medium-font-size wp-elements-36a5cb94933eaa3ed7faa723b4e9f75f\" style=\"color:#ede4db\">Et bient\u00f4t le v\u00f4tre ! <\/p>\n\n\n\n<p><\/p>\n\n\n\n<p><\/p>\n\n\n\n<p><\/p>\n","protected":false},"excerpt":{"rendered":"<p>Nos pochons et tote bags La s\u00e9rie pour l&#8217;Eid La s\u00e9rie t\u00eat bags La s\u00e9rie No\u00ebl arabe Et bient\u00f4t le [&hellip;]<\/p>\n","protected":false},"author":1,"featured_media":0,"parent":0,"menu_order":0,"comment_status":"closed","ping_status":"closed","template":"","meta":{"site-sidebar-layout":"default","site-content-layout":"","ast-site-content-layout":"default","site-content-style":"default","site-sidebar-style":"default","ast-global-header-display":"","ast-banner-title-visibility":"","ast-main-header-display":"","ast-hfb-above-header-display":"","ast-hfb-below-header-display":"","ast-hfb-mobile-header-display":"","site-post-title":"disabled","ast-breadcrumbs-content":"","ast-featured-img":"","footer-sml-layout":"","ast-disable-related-posts":"","theme-transparent-header-meta":"","adv-header-id-meta":"","stick-header-meta":"","header-above-stick-meta":"","header-main-stick-meta":"","header-below-stick-meta":"","astra-migrate-meta-layouts":"default","ast-page-background-enabled":"default","ast-page-background-meta":{"desktop":{"background-color":"var(--ast-global-color-5)","background-image":"","background-repeat":"repeat","background-position":"center center","background-size":"auto","background-attachment":"scroll","background-type":"","background-media":"","overlay-type":"","overlay-color":"","overlay-opacity":"","overlay-gradient":""},"tablet":{"background-color":"","background-image":"","background-repeat":"repeat","background-position":"center center","background-size":"auto","background-attachment":"scroll","background-type":"","background-media":"","overlay-type":"","overlay-color":"","overlay-opacity":"","overlay-gradient":""},"mobile":{"background-color":"","background-image":"","background-repeat":"repeat","background-position":"center center","background-size":"auto","background-attachment":"scroll","background-type":"","background-media":"","overlay-type":"","overlay-color":"","overlay-opacity":"","overlay-gradient":""}},"ast-content-background-meta":{"desktop":{"background-color":"var(--ast-global-color-4)","background-image":"","background-repeat":"repeat","background-position":"center center","background-size":"auto","background-attachment":"scroll","background-type":"","background-media":"","overlay-type":"","overlay-color":"","overlay-opacity":"","overlay-gradient":""},"tablet":{"background-color":"var(--ast-global-color-4)","background-image":"","background-repeat":"repeat","background-position":"center center","background-size":"auto","background-attachment":"scroll","background-type":"","background-media":"","overlay-type":"","overlay-color":"","overlay-opacity":"","overlay-gradient":""},"mobile":{"background-color":"var(--ast-global-color-4)","background-image":"","background-repeat":"repeat","background-position":"center center","background-size":"auto","background-attachment":"scroll","background-type":"","background-media":"","overlay-type":"","overlay-color":"","overlay-opacity":"","overlay-gradient":""}},"footnotes":""},"class_list":["post-306","page","type-page","status-publish","hentry"],"_links":{"self":[{"href":"https:\/\/linetlautre.fr\/index.php?rest_route=\/wp\/v2\/pages\/306","targetHints":{"allow":["GET"]}}],"collection":[{"href":"https:\/\/linetlautre.fr\/index.php?rest_route=\/wp\/v2\/pages"}],"about":[{"href":"https:\/\/linetlautre.fr\/index.php?rest_route=\/wp\/v2\/types\/page"}],"author":[{"embeddable":true,"href":"https:\/\/linetlautre.fr\/index.php?rest_route=\/wp\/v2\/users\/1"}],"replies":[{"embeddable":true,"href":"https:\/\/linetlautre.fr\/index.php?rest_route=%2Fwp%2Fv2%2Fcomments&post=306"}],"version-history":[{"count":4,"href":"https:\/\/linetlautre.fr\/index.php?rest_route=\/wp\/v2\/pages\/306\/revisions"}],"predecessor-version":[{"id":359,"href":"https:\/\/linetlautre.fr\/index.php?rest_route=\/wp\/v2\/pages\/306\/revisions\/359"}],"wp:attachment":[{"href":"https:\/\/linetlautre.fr\/index.php?rest_route=%2Fwp%2Fv2%2Fmedia&parent=306"}],"curies":[{"name":"wp","href":"https:\/\/api.w.org\/{rel}","templated":true}]}}