{"id":180,"date":"2026-01-30T18:05:22","date_gmt":"2026-01-30T18:05:22","guid":{"rendered":"http:\/\/linetlautre.fr\/?page_id=180"},"modified":"2026-04-13T13:34:14","modified_gmt":"2026-04-13T13:34:14","slug":"accueil","status":"publish","type":"page","link":"https:\/\/linetlautre.fr\/","title":{"rendered":"Accueil"},"content":{"rendered":"\n<h2 class=\"wp-block-heading alignfull has-text-align-center has-text-color has-background has-link-color wp-elements-e3c6a712f3970e1ef85b00d10840c50f\" style=\"color:#b57566;background-color:#ede4db\">Des pochons et tote bags personnalis\u00e9s pour accompagner vos plus beaux moments.<\/h2>\n\n\n\n<p class=\"has-text-color has-link-color has-medium-font-size wp-elements-6094fa4602b57e7bf813eec282ab5756\" style=\"color:#ede4db\"><strong>Lin et l\u2019Autre<\/strong>, c\u2019est une autre mani\u00e8re d\u2019offrir.<br>Une fa\u00e7on plus douce, plus consciente, de c\u00e9l\u00e9brer les petits et grands moments.<\/p>\n\n\n\n<p class=\"has-text-color has-link-color has-medium-font-size wp-elements-ceacfdb8db9b0257a86feada5df1c088\" style=\"color:#ede4db\">Nos pochons textiles personnalis\u00e9s remplacent le papier cadeau \u00e9ph\u00e9m\u00e8re par des \u00e9crins durables, pens\u00e9s pour \u00eatre r\u00e9utilis\u00e9s, transmis, d\u00e9tourn\u00e9s. Chaque emballage raconte une histoire, prolonge l\u2019\u00e9motion du cadeau et \u00e9vite le gaspillage inutile.<\/p>\n\n\n\n<p class=\"has-text-color has-link-color has-medium-font-size wp-elements-ecd0b5d460cb6b63fb0447ed099154a1\" style=\"color:#ede4db\">Parce qu\u2019un beau geste ne devrait jamais devenir un d\u00e9chet, Lin et l\u2019Autre invite \u00e0 offrir autrement : avec sens, avec c\u0153ur, et pour longtemps.<\/p>\n\n\n\n<div class=\"wp-block-buttons is-content-justification-center is-layout-flex wp-container-core-buttons-is-layout-a89b3969 wp-block-buttons-is-layout-flex\">\n<div class=\"wp-block-button\"><a class=\"wp-block-button__link has-text-align-center wp-element-button\" href=\"https:\/\/linetlautre.fr\/?page_id=210\">Cr\u00e9ez le v\u00f4tre !<\/a><\/div>\n<\/div>\n\n\n\n<h2 class=\"wp-block-heading has-text-align-center has-text-color has-link-color wp-elements-923d841ee0dcd56e7e052d8741981c92\" style=\"color:#ede4db\">La gamme de pochons<\/h2>\n\n\n\n<div class=\"wp-block-columns is-layout-flex wp-container-core-columns-is-layout-28f84493 wp-block-columns-is-layout-flex\">\n<div class=\"wp-block-column is-layout-flow wp-block-column-is-layout-flow\">\n<figure class=\"wp-block-image aligncenter size-large\"><img loading=\"lazy\" decoding=\"async\" width=\"819\" height=\"1024\" src=\"https:\/\/linetlautre.fr\/wp-content\/uploads\/2026\/04\/1-819x1024.png\" alt=\"\" class=\"wp-image-435\" srcset=\"https:\/\/linetlautre.fr\/wp-content\/uploads\/2026\/04\/1-819x1024.png 819w, https:\/\/linetlautre.fr\/wp-content\/uploads\/2026\/04\/1-240x300.png 240w, https:\/\/linetlautre.fr\/wp-content\/uploads\/2026\/04\/1-768x960.png 768w, https:\/\/linetlautre.fr\/wp-content\/uploads\/2026\/04\/1.png 1080w\" sizes=\"auto, (max-width: 819px) 100vw, 819px\" \/><figcaption class=\"wp-element-caption\"><mark style=\"background-color:rgba(0, 0, 0, 0)\" class=\"has-inline-color has-ast-global-color-4-color\">Petit format &#8211; 15 x 20 cm<\/mark><br><mark style=\"background-color:rgba(0, 0, 0, 0)\" class=\"has-inline-color has-ast-global-color-4-color\">100% coton &#8211; certifi\u00e9 Oeko-tex <\/mark><br><mark style=\"background-color:rgba(0, 0, 0, 0)\" class=\"has-inline-color has-ast-global-color-4-color\">150 GR \/ M<sup>2<\/sup> <\/mark><\/figcaption><\/figure>\n\n\n\n<p class=\"has-text-align-center\"><strong><mark style=\"background-color:rgba(0, 0, 0, 0)\" class=\"has-inline-color has-ast-global-color-4-color\">6,50 \u20ac<\/mark><\/strong><\/p>\n<\/div>\n\n\n\n<div class=\"wp-block-column is-layout-flow wp-block-column-is-layout-flow\">\n<figure class=\"wp-block-image aligncenter size-large\"><img loading=\"lazy\" decoding=\"async\" width=\"819\" height=\"1024\" src=\"https:\/\/linetlautre.fr\/wp-content\/uploads\/2026\/04\/2-1-819x1024.png\" alt=\"\" class=\"wp-image-436\" srcset=\"https:\/\/linetlautre.fr\/wp-content\/uploads\/2026\/04\/2-1-819x1024.png 819w, https:\/\/linetlautre.fr\/wp-content\/uploads\/2026\/04\/2-1-240x300.png 240w, https:\/\/linetlautre.fr\/wp-content\/uploads\/2026\/04\/2-1-768x960.png 768w, https:\/\/linetlautre.fr\/wp-content\/uploads\/2026\/04\/2-1.png 1080w\" sizes=\"auto, (max-width: 819px) 100vw, 819px\" \/><figcaption class=\"wp-element-caption\"><mark style=\"background-color:rgba(0, 0, 0, 0)\" class=\"has-inline-color has-ast-global-color-4-color\">Moyen format &#8211; 25 x 30 cm<\/mark><br><mark style=\"background-color:rgba(0, 0, 0, 0)\" class=\"has-inline-color has-ast-global-color-4-color\">100% coton &#8211; certifi\u00e9 Oeko-tex <\/mark><br><mark style=\"background-color:rgba(0, 0, 0, 0)\" class=\"has-inline-color has-ast-global-color-4-color\">150 GR \/ M<sup>2<\/sup> <\/mark><\/figcaption><\/figure>\n\n\n\n<p class=\"has-text-align-center\"><strong><mark style=\"background-color:rgba(0, 0, 0, 0)\" class=\"has-inline-color has-ast-global-color-4-color\">8 \u20ac<\/mark><\/strong><\/p>\n<\/div>\n\n\n\n<div class=\"wp-block-column is-layout-flow wp-block-column-is-layout-flow\">\n<figure class=\"wp-block-image aligncenter size-large\"><img loading=\"lazy\" decoding=\"async\" width=\"819\" height=\"1024\" src=\"https:\/\/linetlautre.fr\/wp-content\/uploads\/2026\/04\/3-2-819x1024.png\" alt=\"\" class=\"wp-image-437\" srcset=\"https:\/\/linetlautre.fr\/wp-content\/uploads\/2026\/04\/3-2-819x1024.png 819w, https:\/\/linetlautre.fr\/wp-content\/uploads\/2026\/04\/3-2-240x300.png 240w, https:\/\/linetlautre.fr\/wp-content\/uploads\/2026\/04\/3-2-768x960.png 768w, https:\/\/linetlautre.fr\/wp-content\/uploads\/2026\/04\/3-2.png 1080w\" sizes=\"auto, (max-width: 819px) 100vw, 819px\" \/><figcaption class=\"wp-element-caption\"><mark style=\"background-color:rgba(0, 0, 0, 0)\" class=\"has-inline-color has-ast-global-color-4-color\">Grand format &#8211; 30 x 45 cm<\/mark><br><mark style=\"background-color:rgba(0, 0, 0, 0)\" class=\"has-inline-color has-ast-global-color-4-color\">100% coton &#8211; certifi\u00e9 Oeko-tex <\/mark><br><mark style=\"background-color:rgba(0, 0, 0, 0)\" class=\"has-inline-color has-ast-global-color-4-color\">150 GR \/ M<sup>2<\/sup><\/mark><mark style=\"background-color:rgba(0, 0, 0, 0)\" class=\"has-inline-color has-ast-global-color-4-color\"><\/mark><\/figcaption><\/figure>\n\n\n\n<p class=\"has-text-align-center\"><strong><mark style=\"background-color:rgba(0, 0, 0, 0)\" class=\"has-inline-color has-ast-global-color-4-color\">12 \u20ac<\/mark><\/strong><\/p>\n\n\n\n<div class=\"wp-block-columns is-layout-flex wp-container-core-columns-is-layout-28f84493 wp-block-columns-is-layout-flex\">\n<div class=\"wp-block-column is-layout-flow wp-block-column-is-layout-flow\"><\/div>\n<\/div>\n<\/div>\n<\/div>\n\n\n\n<div class=\"wp-block-buttons is-layout-flex wp-block-buttons-is-layout-flex\">\n<div class=\"wp-block-button\"><a class=\"wp-block-button__link wp-element-button\" href=\"https:\/\/linetlautre.fr\/?page_id=306\">D\u00e9couvrez nos pochons<\/a><\/div>\n<\/div>\n\n\n\n<p class=\"has-text-color has-link-color has-medium-font-size wp-elements-a609e93ff6f48a0ec05c9acd1fec2ec3\" style=\"color:#ede4db\"><\/p>\n\n\n\n<h2 class=\"wp-block-heading\"><\/h2>\n","protected":false},"excerpt":{"rendered":"<p>Des pochons et tote bags personnalis\u00e9s pour accompagner vos plus beaux moments. Lin et l\u2019Autre, c\u2019est une autre mani\u00e8re d\u2019offrir.Une [&hellip;]<\/p>\n","protected":false},"author":1,"featured_media":0,"parent":0,"menu_order":0,"comment_status":"closed","ping_status":"closed","template":"","meta":{"site-sidebar-layout":"default","site-content-layout":"","ast-site-content-layout":"default","site-content-style":"default","site-sidebar-style":"default","ast-global-header-display":"","ast-banner-title-visibility":"","ast-main-header-display":"","ast-hfb-above-header-display":"","ast-hfb-below-header-display":"","ast-hfb-mobile-header-display":"","site-post-title":"disabled","ast-breadcrumbs-content":"","ast-featured-img":"","footer-sml-layout":"","ast-disable-related-posts":"","theme-transparent-header-meta":"","adv-header-id-meta":"","stick-header-meta":"","header-above-stick-meta":"","header-main-stick-meta":"","header-below-stick-meta":"","astra-migrate-meta-layouts":"default","ast-page-background-enabled":"default","ast-page-background-meta":{"desktop":{"background-color":"var(--ast-global-color-5)","background-image":"","background-repeat":"repeat","background-position":"center center","background-size":"auto","background-attachment":"scroll","background-type":"","background-media":"","overlay-type":"","overlay-color":"","overlay-opacity":"","overlay-gradient":""},"tablet":{"background-color":"","background-image":"","background-repeat":"repeat","background-position":"center center","background-size":"auto","background-attachment":"scroll","background-type":"","background-media":"","overlay-type":"","overlay-color":"","overlay-opacity":"","overlay-gradient":""},"mobile":{"background-color":"","background-image":"","background-repeat":"repeat","background-position":"center center","background-size":"auto","background-attachment":"scroll","background-type":"","background-media":"","overlay-type":"","overlay-color":"","overlay-opacity":"","overlay-gradient":""}},"ast-content-background-meta":{"desktop":{"background-color":"var(--ast-global-color-4)","background-image":"","background-repeat":"repeat","background-position":"center center","background-size":"auto","background-attachment":"scroll","background-type":"","background-media":"","overlay-type":"","overlay-color":"","overlay-opacity":"","overlay-gradient":""},"tablet":{"background-color":"var(--ast-global-color-4)","background-image":"","background-repeat":"repeat","background-position":"center center","background-size":"auto","background-attachment":"scroll","background-type":"","background-media":"","overlay-type":"","overlay-color":"","overlay-opacity":"","overlay-gradient":""},"mobile":{"background-color":"var(--ast-global-color-4)","background-image":"","background-repeat":"repeat","background-position":"center center","background-size":"auto","background-attachment":"scroll","background-type":"","background-media":"","overlay-type":"","overlay-color":"","overlay-opacity":"","overlay-gradient":""}},"footnotes":""},"class_list":["post-180","page","type-page","status-publish","hentry"],"_links":{"self":[{"href":"https:\/\/linetlautre.fr\/index.php?rest_route=\/wp\/v2\/pages\/180","targetHints":{"allow":["GET"]}}],"collection":[{"href":"https:\/\/linetlautre.fr\/index.php?rest_route=\/wp\/v2\/pages"}],"about":[{"href":"https:\/\/linetlautre.fr\/index.php?rest_route=\/wp\/v2\/types\/page"}],"author":[{"embeddable":true,"href":"https:\/\/linetlautre.fr\/index.php?rest_route=\/wp\/v2\/users\/1"}],"replies":[{"embeddable":true,"href":"https:\/\/linetlautre.fr\/index.php?rest_route=%2Fwp%2Fv2%2Fcomments&post=180"}],"version-history":[{"count":23,"href":"https:\/\/linetlautre.fr\/index.php?rest_route=\/wp\/v2\/pages\/180\/revisions"}],"predecessor-version":[{"id":441,"href":"https:\/\/linetlautre.fr\/index.php?rest_route=\/wp\/v2\/pages\/180\/revisions\/441"}],"wp:attachment":[{"href":"https:\/\/linetlautre.fr\/index.php?rest_route=%2Fwp%2Fv2%2Fmedia&parent=180"}],"curies":[{"name":"wp","href":"https:\/\/api.w.org\/{rel}","templated":true}]}}